{"id":286,"date":"2024-10-13T09:57:35","date_gmt":"2024-10-13T09:57:35","guid":{"rendered":"https:\/\/meritus.rs\/?page_id=286"},"modified":"2025-06-05T18:22:31","modified_gmt":"2025-06-05T18:22:31","slug":"team","status":"publish","type":"page","link":"https:\/\/meritus.rs\/sr\/team\/","title":{"rendered":""},"content":{"rendered":"<div class=\"wp-block-columns is-layout-flex wp-container-core-columns-is-layout-28f84493 wp-block-columns-is-layout-flex\">\n<div class=\"wp-block-column is-layout-flow wp-block-column-is-layout-flow\"><\/div>\n\n\n\n<div class=\"wp-block-column is-layout-flow wp-block-column-is-layout-flow\">\n<div class=\"wp-block-group has-global-padding is-layout-constrained wp-block-group-is-layout-constrained\">\n<figure class=\"wp-block-image\"><img loading=\"lazy\" decoding=\"async\" width=\"800\" height=\"800\" src=\"https:\/\/meritus.rs\/wp-content\/uploads\/2025\/06\/111-1.jpg\" alt=\"\" class=\"wp-image-1678\" srcset=\"https:\/\/meritus.rs\/wp-content\/uploads\/2025\/06\/111-1.jpg 800w, https:\/\/meritus.rs\/wp-content\/uploads\/2025\/06\/111-1-300x300.jpg 300w, https:\/\/meritus.rs\/wp-content\/uploads\/2025\/06\/111-1-150x150.jpg 150w, https:\/\/meritus.rs\/wp-content\/uploads\/2025\/06\/111-1-768x768.jpg 768w, https:\/\/meritus.rs\/wp-content\/uploads\/2025\/06\/111-1-12x12.jpg 12w\" sizes=\"auto, (max-width: 800px) 100vw, 800px\" \/><\/figure>\n\n\n\n<p class=\"has-contrast-color has-text-color has-link-color has-poppins-font-family has-x-small-font-size wp-elements-b1b34c4025c7efa3b4e8ebf80f530eb0\"><a href=\"https:\/\/meritus.rs\/team\/zoran-djordjevic\/\"><strong>Zoran Djordjevi\u0107<\/strong><br>GENERALNI DIREKTOR I OSNIVA\u010c<br><br>zoran@meritus.rs<br>+381 64 11 02 858<\/a><\/p>\n<\/div>\n<\/div>\n\n\n\n<div class=\"wp-block-column is-layout-flow wp-block-column-is-layout-flow\">\n<div class=\"wp-block-group has-global-padding is-layout-constrained wp-block-group-is-layout-constrained\">\n<figure class=\"wp-block-gallery has-nested-images columns-default is-cropped wp-block-gallery-1 is-layout-flex wp-block-gallery-is-layout-flex\">\n<figure class=\"wp-block-image size-large\"><img loading=\"lazy\" decoding=\"async\" width=\"800\" height=\"800\" data-id=\"1679\" src=\"https:\/\/meritus.rs\/wp-content\/uploads\/2025\/06\/222-2.jpg\" alt=\"\" class=\"wp-image-1679\" srcset=\"https:\/\/meritus.rs\/wp-content\/uploads\/2025\/06\/222-2.jpg 800w, https:\/\/meritus.rs\/wp-content\/uploads\/2025\/06\/222-2-300x300.jpg 300w, https:\/\/meritus.rs\/wp-content\/uploads\/2025\/06\/222-2-150x150.jpg 150w, https:\/\/meritus.rs\/wp-content\/uploads\/2025\/06\/222-2-768x768.jpg 768w, https:\/\/meritus.rs\/wp-content\/uploads\/2025\/06\/222-2-12x12.jpg 12w\" sizes=\"auto, (max-width: 800px) 100vw, 800px\" \/><\/figure>\n<\/figure>\n\n\n\n<p class=\"has-contrast-color has-text-color has-link-color has-poppins-font-family has-x-small-font-size wp-elements-e66f71907e9b65e7fc35c5b0684e57e2\"><a href=\"https:\/\/meritus.rs\/team\/zoja-turkovic\/\"><strong>Zoja Turkovi\u0107<\/strong><br>DIREKTOR I VODE\u0106I ARHITEKTA<br><br>zoja@meritus.rs<br>+381 65 476 44 83<\/a><\/p>\n\n\n\n<p><\/p>\n<\/div>\n<\/div>\n<\/div>\n\n\n\n<div class=\"wp-block-columns is-layout-flex wp-container-core-columns-is-layout-28f84493 wp-block-columns-is-layout-flex\">\n<div class=\"wp-block-column is-layout-flow wp-block-column-is-layout-flow\" style=\"flex-basis:33.33%\"><\/div>\n\n\n\n<div class=\"wp-block-column is-layout-flow wp-block-column-is-layout-flow\" style=\"flex-basis:66.66%\">\n<figure class=\"wp-block-image size-large\"><img loading=\"lazy\" decoding=\"async\" width=\"1024\" height=\"692\" src=\"https:\/\/meritus.rs\/wp-content\/uploads\/2025\/06\/07-8-1024x692.jpg\" alt=\"\" class=\"wp-image-1688\" srcset=\"https:\/\/meritus.rs\/wp-content\/uploads\/2025\/06\/07-8-1024x692.jpg 1024w, https:\/\/meritus.rs\/wp-content\/uploads\/2025\/06\/07-8-300x203.jpg 300w, https:\/\/meritus.rs\/wp-content\/uploads\/2025\/06\/07-8-768x519.jpg 768w, https:\/\/meritus.rs\/wp-content\/uploads\/2025\/06\/07-8-1536x1038.jpg 1536w, https:\/\/meritus.rs\/wp-content\/uploads\/2025\/06\/07-8-2048x1384.jpg 2048w, https:\/\/meritus.rs\/wp-content\/uploads\/2025\/06\/07-8-18x12.jpg 18w\" sizes=\"auto, (max-width: 1024px) 100vw, 1024px\" \/><\/figure>\n<\/div>\n<\/div>\n\n\n\n<div class=\"wp-block-columns is-layout-flex wp-container-core-columns-is-layout-28f84493 wp-block-columns-is-layout-flex\">\n<div class=\"wp-block-column is-layout-flow wp-block-column-is-layout-flow\" style=\"flex-basis:33.33%\"><\/div>\n\n\n\n<div class=\"wp-block-column is-layout-flow wp-block-column-is-layout-flow\" style=\"flex-basis:66.66%\">\n<p class=\"has-contrast-color has-text-color has-link-color has-poppins-font-family has-x-small-font-size wp-elements-17fbebba07ff6deeab8e8d21bb9f9067\">: . . ex <\/p>\n\n\n\n<p class=\"has-contrast-color has-text-color has-link-color has-poppins-font-family has-x-small-font-size wp-elements-75958d56de16d82640e6152155a6dd8f\">: . . Igor Cveji\u0107 .. Danilo Grahovac .. Aleksandar Grahovac ..<\/p>\n<\/div>\n<\/div>\n\n\n\n<div class=\"wp-block-columns is-layout-flex wp-container-core-columns-is-layout-28f84493 wp-block-columns-is-layout-flex\">\n<div class=\"wp-block-column is-layout-flow wp-block-column-is-layout-flow\" style=\"flex-basis:33.33%\"><\/div>\n\n\n\n<div class=\"wp-block-column is-layout-flow wp-block-column-is-layout-flow\" style=\"flex-basis:66.66%\"><\/div>\n<\/div>\n\n\n\n<p class=\"has-contrast-color has-text-color has-link-color has-x-small-font-size wp-elements-f1dccb5ec719d05d626cdcb3b69d3614\"><br><\/p>\n\n\n\n<p><\/p>","protected":false},"excerpt":{"rendered":"<p>Zoran Djordjevi\u0107CEO &amp; FOUNDER zoran@meritus.rs+381 64 11 02 858 Zoja Turkovi\u0107DIRECTOR &amp; LEAD ARCHITECT zoja@meritus.rs+381 65 476 44 83 : . . ex : . . Igor Cveji\u0107 .. Danilo Grahovac .. Aleksandar Grahovac ..<\/p>","protected":false},"author":5,"featured_media":0,"parent":0,"menu_order":0,"comment_status":"closed","ping_status":"closed","template":"","meta":{"footnotes":""},"class_list":["post-286","page","type-page","status-publish","hentry"],"_links":{"self":[{"href":"https:\/\/meritus.rs\/sr\/wp-json\/wp\/v2\/pages\/286","targetHints":{"allow":["GET"]}}],"collection":[{"href":"https:\/\/meritus.rs\/sr\/wp-json\/wp\/v2\/pages"}],"about":[{"href":"https:\/\/meritus.rs\/sr\/wp-json\/wp\/v2\/types\/page"}],"author":[{"embeddable":true,"href":"https:\/\/meritus.rs\/sr\/wp-json\/wp\/v2\/users\/5"}],"replies":[{"embeddable":true,"href":"https:\/\/meritus.rs\/sr\/wp-json\/wp\/v2\/comments?post=286"}],"version-history":[{"count":79,"href":"https:\/\/meritus.rs\/sr\/wp-json\/wp\/v2\/pages\/286\/revisions"}],"predecessor-version":[{"id":1703,"href":"https:\/\/meritus.rs\/sr\/wp-json\/wp\/v2\/pages\/286\/revisions\/1703"}],"wp:attachment":[{"href":"https:\/\/meritus.rs\/sr\/wp-json\/wp\/v2\/media?parent=286"}],"curies":[{"name":"wp","href":"https:\/\/api.w.org\/{rel}","templated":true}]}}